{"id":19,"date":"2011-07-03T21:57:12","date_gmt":"2011-07-03T19:57:12","guid":{"rendered":"http:\/\/www.ellinggroent.dk\/?page_id=19"},"modified":"2025-02-17T15:13:39","modified_gmt":"2025-02-17T14:13:39","slug":"hjem","status":"publish","type":"page","link":"https:\/\/www.ellinggroent.dk\/","title":{"rendered":"Forside"},"content":{"rendered":"<h1>\u00a0 \u00a0 \u00a0 \u00a0 \u00a0 \u00a0 \u00a0 \u00a0 \u00a0 \u00a0 \u00a0 \u00a0 <a href=\"http:\/\/www.ellinggroent.dk\/wp-content\/uploads\/2011\/07\/logo.jpg\"><img loading=\"lazy\" decoding=\"async\" class=\"alignnone size-medium wp-image-427\" style=\"width: 199px;\" src=\"http:\/\/www.ellinggroent.dk\/wp-content\/uploads\/2011\/07\/logo-300x173.jpg\" alt=\"logo\" width=\"300\" height=\"52\" \/><\/a><\/h1>\n<h1 style=\"text-align: center;\">Velkommen til Elling Gr\u00f8nt!<\/h1>\n<h2>-Elling Gr\u00f8nt er et \u00f8kologisk frilandsgartneri der ligger ca. 10 km. udenfor Silkeborg.<\/h2>\n<h2><span style=\"color: #000000;\">Her kan private (og andre) bestille friske gr\u00f8ntsager og hente dem efter aftale<\/span>.<\/h2>\n<p>Vi har gr\u00f8ntsags produktion p\u00e5 lavt blus i \u00e5r. Der vil periodevis v\u00e6re salg af is\u00e6r kartofler ved vejen eller ved stald d\u00f8ren. Hold \u00f8je med Facebook eller kontakt p\u00e5 26210190<\/p>\n<p>Vores Koncept:<\/p>\n<p>1) Man ser hvad vi har p\u00e5 bestillingslisten: Gr\u00f8ntsager og priser<\/p>\n<p>2) Send en mail eller sms med din bestilling senest onsdag til aagtrine@hotmail.com<\/p>\n<p>Sms: 26210190<\/p>\n<p>3) Man kan hente sine varer efter aftale<\/p>\n<h1><\/h1>\n<p><img loading=\"lazy\" decoding=\"async\" class=\"aligncenter size-full wp-image-484\" style=\"width: 328px;\" src=\"http:\/\/www.ellinggroent.dk\/wp-content\/uploads\/2011\/07\/L\u00e6kkert-gr\u00f8nt.jpg\" alt=\"L\u00e6kkert gr\u00f8nt\" width=\"2806\" height=\"434\" \/><\/p>\n<h2>Hvis bestillingen sendes pr. mail, skal man forvente en bekr\u00e6ftelsesmail inden man henter sine gr\u00f8ntsager.<\/h2>\n<h2><\/h2>\n<p>F\u00f8lg med i aktiviteterne p\u00e5 g\u00e5rden under <span style=\"text-decoration: underline;\"><em><span style=\"color: #000000; text-decoration: underline;\">sidste nyt<\/span><\/em><\/span><\/p>\n<p><span style=\"color: #008080;\"><strong>Ved bestilling af gr\u00f8ntsager, henter man efter aftale. I\u00a0nogle tilf\u00e6lde levere vi ogs\u00e5. Ring eller mail din bestilling til os. Betaling sker efter aftale.\u00a0\u00a0Vi tager b\u00e5de i mod kontanter og bankoverf\u00f8rsler.\u00a0 (konto nr. finder du under <em>kontakt<\/em>)<\/strong><\/span><\/p>\n<p>Kontakt os for n\u00e6rmere info<\/p>\n<h2>\u00a0Tlf:26210190\/24659924\u00a0 eller mail her fra hjemmesiden<\/h2>\n<p>Send os endelig en besked hvis du har ris, ros eller id\u00e9er til hvordan vi kan g\u00f8re hjemmesiden bedre \ud83d\ude42<\/p>\n<p>Bliv venner med os p\u00e5 facebook \ud83d\ude42<\/p>\n<p><a href=\"http:\/\/www.ellinggroent.dk\/wp-content\/uploads\/2011\/07\/mtb_st\u00f8ttelogo.png\"><img loading=\"lazy\" decoding=\"async\" src=\"http:\/\/www.ellinggroent.dk\/wp-content\/uploads\/2011\/07\/mtb_st\u00f8ttelogo-300x242.png\" alt=\"mtb_st\u00f8ttelogo\" width=\"300\" height=\"242\" \/><\/a><\/p>\n<h1><\/h1>\n<h1><\/h1>\n","protected":false},"excerpt":{"rendered":"<p>\u00a0 \u00a0 \u00a0 \u00a0 \u00a0 \u00a0 \u00a0 \u00a0 \u00a0 \u00a0 \u00a0 \u00a0 Velkommen til Elling Gr\u00f8nt! -Elling Gr\u00f8nt er et \u00f8kologisk frilandsgartneri der ligger ca. 10 km. udenfor Silkeborg. Her kan private (og andre) bestille friske gr\u00f8ntsager og hente dem &hellip; <a href=\"https:\/\/www.ellinggroent.dk\/\">L\u00e6s resten <span class=\"meta-nav\">&rarr;<\/span><\/a><\/p>\n","protected":false},"author":1,"featured_media":0,"parent":0,"menu_order":0,"comment_status":"open","ping_status":"open","template":"","meta":{"footnotes":""},"class_list":["post-19","page","type-page","status-publish","hentry"],"_links":{"self":[{"href":"https:\/\/www.ellinggroent.dk\/index.php?rest_route=\/wp\/v2\/pages\/19","targetHints":{"allow":["GET"]}}],"collection":[{"href":"https:\/\/www.ellinggroent.dk\/index.php?rest_route=\/wp\/v2\/pages"}],"about":[{"href":"https:\/\/www.ellinggroent.dk\/index.php?rest_route=\/wp\/v2\/types\/page"}],"author":[{"embeddable":true,"href":"https:\/\/www.ellinggroent.dk\/index.php?rest_route=\/wp\/v2\/users\/1"}],"replies":[{"embeddable":true,"href":"https:\/\/www.ellinggroent.dk\/index.php?rest_route=%2Fwp%2Fv2%2Fcomments&post=19"}],"version-history":[{"count":143,"href":"https:\/\/www.ellinggroent.dk\/index.php?rest_route=\/wp\/v2\/pages\/19\/revisions"}],"predecessor-version":[{"id":1345,"href":"https:\/\/www.ellinggroent.dk\/index.php?rest_route=\/wp\/v2\/pages\/19\/revisions\/1345"}],"wp:attachment":[{"href":"https:\/\/www.ellinggroent.dk\/index.php?rest_route=%2Fwp%2Fv2%2Fmedia&parent=19"}],"curies":[{"name":"wp","href":"https:\/\/api.w.org\/{rel}","templated":true}]}}